{"id":30,"date":"2012-12-07T14:08:30","date_gmt":"2012-12-07T13:08:30","guid":{"rendered":"http:\/\/aer.servantweb.fr\/?page_id=30"},"modified":"2013-07-03T10:04:23","modified_gmt":"2013-07-03T09:04:23","slug":"172eme-camion-lance-engins-bm-13-katiusza","status":"publish","type":"page","link":"https:\/\/aer.servantweb.fr\/?page_id=30","title":{"rendered":"1\/72 camion lance engins BM-13 Katiusza"},"content":{"rendered":"<p><strong><span style=\"font-size: 36px;\"><a href=\"http:\/\/aer.servantweb.fr\/wp-content\/uploads\/2013\/07\/IMGP4204.jpg\"><img loading=\"lazy\" decoding=\"async\" class=\"alignleft  wp-image-146\" alt=\"IMGP4204\" src=\"http:\/\/aer.servantweb.fr\/wp-content\/uploads\/2013\/07\/IMGP4204.jpg\" width=\"376\" height=\"256\" \/><\/a><\/span><\/strong><\/p>\n<p>&nbsp;<\/p>\n<p><strong><span style=\"font-size: 36px;\">12,00\u20ac <span style=\"font-size: 14px;\">+ port<\/span><\/span><\/strong><\/p>\n<p><span style=\"font-size: 10px;\">on utilisera des morceaux de trombone de bureau pour les arbres de transmission et essieux arri\u00e8re plut\u00f4t que les pi\u00e8ces plastique fournies dans le kit.<\/span><\/p>\n<p><a href=\"http:\/\/aer.servantweb.fr\/wp-content\/uploads\/2013\/07\/IMGP4203.jpg\"><img loading=\"lazy\" decoding=\"async\" class=\"alignleft  wp-image-147\" alt=\"IMGP4203\" src=\"http:\/\/aer.servantweb.fr\/wp-content\/uploads\/2013\/07\/IMGP4203.jpg\" width=\"378\" height=\"258\" \/><\/a><\/p>\n","protected":false},"excerpt":{"rendered":"<p>&nbsp; 12,00\u20ac + port on utilisera des morceaux de trombone de bureau pour les arbres de transmission et essieux arri\u00e8re plut\u00f4t que les pi\u00e8ces plastique fournies dans le kit.<\/p>\n","protected":false},"author":2,"featured_media":0,"parent":70,"menu_order":0,"comment_status":"open","ping_status":"open","template":"","meta":{"footnotes":""},"class_list":["post-30","page","type-page","status-publish","hentry"],"_links":{"self":[{"href":"https:\/\/aer.servantweb.fr\/index.php?rest_route=\/wp\/v2\/pages\/30","targetHints":{"allow":["GET"]}}],"collection":[{"href":"https:\/\/aer.servantweb.fr\/index.php?rest_route=\/wp\/v2\/pages"}],"about":[{"href":"https:\/\/aer.servantweb.fr\/index.php?rest_route=\/wp\/v2\/types\/page"}],"author":[{"embeddable":true,"href":"https:\/\/aer.servantweb.fr\/index.php?rest_route=\/wp\/v2\/users\/2"}],"replies":[{"embeddable":true,"href":"https:\/\/aer.servantweb.fr\/index.php?rest_route=%2Fwp%2Fv2%2Fcomments&post=30"}],"version-history":[{"count":7,"href":"https:\/\/aer.servantweb.fr\/index.php?rest_route=\/wp\/v2\/pages\/30\/revisions"}],"predecessor-version":[{"id":32,"href":"https:\/\/aer.servantweb.fr\/index.php?rest_route=\/wp\/v2\/pages\/30\/revisions\/32"}],"up":[{"embeddable":true,"href":"https:\/\/aer.servantweb.fr\/index.php?rest_route=\/wp\/v2\/pages\/70"}],"wp:attachment":[{"href":"https:\/\/aer.servantweb.fr\/index.php?rest_route=%2Fwp%2Fv2%2Fmedia&parent=30"}],"curies":[{"name":"wp","href":"https:\/\/api.w.org\/{rel}","templated":true}]}}