{"id":5,"date":"2012-12-06T17:53:13","date_gmt":"2012-12-06T16:53:13","guid":{"rendered":"http:\/\/aer.servantweb.fr\/?page_id=5"},"modified":"2013-07-01T17:14:34","modified_gmt":"2013-07-01T16:14:34","slug":"canon-automoteur-su-100","status":"publish","type":"page","link":"https:\/\/aer.servantweb.fr\/?page_id=5","title":{"rendered":"1\/72  autoport\u00e9 SU-100"},"content":{"rendered":"<p><span style=\"font-family: Arial,sans-serif;\"><span style=\"font-size: small;\"><a href=\"http:\/\/aer.servantweb.fr\/wp-content\/uploads\/2012\/12\/IMGP3154.jpg\"><img loading=\"lazy\" decoding=\"async\" class=\"size-medium wp-image-14 alignleft\" title=\"IMGP3154\" alt=\"\" src=\"http:\/\/aer.servantweb.fr\/wp-content\/uploads\/2012\/12\/IMGP3154-300x123.jpg\" width=\"300\" height=\"123\" srcset=\"https:\/\/aer.servantweb.fr\/wp-content\/uploads\/2012\/12\/IMGP3154-300x123.jpg 300w, https:\/\/aer.servantweb.fr\/wp-content\/uploads\/2012\/12\/IMGP3154-1024x422.jpg 1024w, https:\/\/aer.servantweb.fr\/wp-content\/uploads\/2012\/12\/IMGP3154-500x206.jpg 500w\" sizes=\"auto, (max-width: 300px) 100vw, 300px\" \/><\/a><\/span><\/span><\/p>\n<p><span style=\"font-family: Arial,sans-serif;\"><span style=\"font-size: small;\"><a href=\"http:\/\/aer.servantweb.fr\/wp-content\/uploads\/2012\/12\/IMGP3156.jpg\"><img loading=\"lazy\" decoding=\"async\" class=\"wp-image-15 alignleft\" title=\"IMGP3156\" alt=\"\" src=\"http:\/\/aer.servantweb.fr\/wp-content\/uploads\/2012\/12\/IMGP3156-300x115.jpg\" width=\"300\" height=\"115\" srcset=\"https:\/\/aer.servantweb.fr\/wp-content\/uploads\/2012\/12\/IMGP3156-300x115.jpg 300w, https:\/\/aer.servantweb.fr\/wp-content\/uploads\/2012\/12\/IMGP3156-1024x393.jpg 1024w, https:\/\/aer.servantweb.fr\/wp-content\/uploads\/2012\/12\/IMGP3156-500x191.jpg 500w\" sizes=\"auto, (max-width: 300px) 100vw, 300px\" \/><\/a><\/span><\/span><span style=\"font-size: small;\"><span style=\"font-size: small;\"><span style=\"font-family: Arial,sans-serif;\"><span style=\"font-size: small;\"><br \/>\n<\/span><\/span><\/span><\/span><\/p>\n<p><span style=\"font-size: 24px;\"><strong><span style=\"font-size: 36px;\">12.00\u20ac<span style=\"font-size: 14px;\">+port<\/span><\/span><\/strong><\/span><\/p>\n<p>&nbsp;<\/p>\n<p>SU 100 \u00e9chelle 1\/72 (produit AER) poign\u00e9es et rambardes r\u00e9alis\u00e9es avec des agrafes de bureau<\/p>\n<p>&nbsp;<\/p>\n<p><a href=\"http:\/\/aer.servantweb.fr\/wp-content\/uploads\/2012\/12\/IMGP4283.jpg\"><img loading=\"lazy\" decoding=\"async\" class=\"alignnone size-full wp-image-117\" alt=\"IMGP4283\" src=\"http:\/\/aer.servantweb.fr\/wp-content\/uploads\/2012\/12\/IMGP4283.jpg\" width=\"1824\" height=\"1216\" srcset=\"https:\/\/aer.servantweb.fr\/wp-content\/uploads\/2012\/12\/IMGP4283.jpg 1824w, https:\/\/aer.servantweb.fr\/wp-content\/uploads\/2012\/12\/IMGP4283-300x200.jpg 300w, https:\/\/aer.servantweb.fr\/wp-content\/uploads\/2012\/12\/IMGP4283-1024x682.jpg 1024w, https:\/\/aer.servantweb.fr\/wp-content\/uploads\/2012\/12\/IMGP4283-450x300.jpg 450w\" sizes=\"auto, (max-width: 1824px) 100vw, 1824px\" \/><\/a> <a href=\"http:\/\/aer.servantweb.fr\/wp-content\/uploads\/2012\/12\/IMGP4288.jpg\"><img loading=\"lazy\" decoding=\"async\" class=\"alignnone size-full wp-image-118\" alt=\"IMGP4288\" src=\"http:\/\/aer.servantweb.fr\/wp-content\/uploads\/2012\/12\/IMGP4288.jpg\" width=\"1824\" height=\"1216\" srcset=\"https:\/\/aer.servantweb.fr\/wp-content\/uploads\/2012\/12\/IMGP4288.jpg 1824w, https:\/\/aer.servantweb.fr\/wp-content\/uploads\/2012\/12\/IMGP4288-300x200.jpg 300w, https:\/\/aer.servantweb.fr\/wp-content\/uploads\/2012\/12\/IMGP4288-1024x682.jpg 1024w, https:\/\/aer.servantweb.fr\/wp-content\/uploads\/2012\/12\/IMGP4288-450x300.jpg 450w\" sizes=\"auto, (max-width: 1824px) 100vw, 1824px\" \/><\/a><\/p>\n<p><span style=\"font-family: Arial,sans-serif;\"><span style=\"font-size: small;\">\u00a0<\/span><\/span><\/p>\n","protected":false},"excerpt":{"rendered":"<p>12.00\u20ac+port &nbsp; SU 100 \u00e9chelle 1\/72 (produit AER) poign\u00e9es et rambardes r\u00e9alis\u00e9es avec des agrafes de bureau &nbsp; \u00a0<\/p>\n","protected":false},"author":2,"featured_media":8,"parent":70,"menu_order":0,"comment_status":"open","ping_status":"open","template":"","meta":{"footnotes":""},"class_list":["post-5","page","type-page","status-publish","has-post-thumbnail","hentry"],"_links":{"self":[{"href":"https:\/\/aer.servantweb.fr\/index.php?rest_route=\/wp\/v2\/pages\/5","targetHints":{"allow":["GET"]}}],"collection":[{"href":"https:\/\/aer.servantweb.fr\/index.php?rest_route=\/wp\/v2\/pages"}],"about":[{"href":"https:\/\/aer.servantweb.fr\/index.php?rest_route=\/wp\/v2\/types\/page"}],"author":[{"embeddable":true,"href":"https:\/\/aer.servantweb.fr\/index.php?rest_route=\/wp\/v2\/users\/2"}],"replies":[{"embeddable":true,"href":"https:\/\/aer.servantweb.fr\/index.php?rest_route=%2Fwp%2Fv2%2Fcomments&post=5"}],"version-history":[{"count":19,"href":"https:\/\/aer.servantweb.fr\/index.php?rest_route=\/wp\/v2\/pages\/5\/revisions"}],"predecessor-version":[{"id":13,"href":"https:\/\/aer.servantweb.fr\/index.php?rest_route=\/wp\/v2\/pages\/5\/revisions\/13"}],"up":[{"embeddable":true,"href":"https:\/\/aer.servantweb.fr\/index.php?rest_route=\/wp\/v2\/pages\/70"}],"wp:featuredmedia":[{"embeddable":true,"href":"https:\/\/aer.servantweb.fr\/index.php?rest_route=\/wp\/v2\/media\/8"}],"wp:attachment":[{"href":"https:\/\/aer.servantweb.fr\/index.php?rest_route=%2Fwp%2Fv2%2Fmedia&parent=5"}],"curies":[{"name":"wp","href":"https:\/\/api.w.org\/{rel}","templated":true}]}}