{"id":54,"date":"2012-12-07T14:22:47","date_gmt":"2012-12-07T13:22:47","guid":{"rendered":"http:\/\/aer.servantweb.fr\/?page_id=54"},"modified":"2013-07-14T17:41:49","modified_gmt":"2013-07-14T16:41:49","slug":"135-char-amphibie-t-38","status":"publish","type":"page","link":"https:\/\/aer.servantweb.fr\/?page_id=54","title":{"rendered":"1\/35 char amphibie T-38"},"content":{"rendered":"<p><a href=\"http:\/\/aer.servantweb.fr\/wp-content\/uploads\/2013\/07\/IMGP4297.jpg\"><img loading=\"lazy\" decoding=\"async\" class=\" wp-image-131 alignleft\" alt=\"IMGP4297\" src=\"http:\/\/aer.servantweb.fr\/wp-content\/uploads\/2013\/07\/IMGP4297.jpg\" width=\"362\" height=\"211\" \/><\/a><strong><span style=\"font-size: 36px;\">15.00\u20ac<\/span> <span style=\"font-size: 14px;\">+ port<\/span><\/strong><\/p>\n<p>Char amphibie T-38 (AER) option au montage: canon ou bien mitrailleuse<\/p>\n<p><a href=\"http:\/\/aer.servantweb.fr\/wp-content\/uploads\/2013\/07\/IMGP4298.jpg\"><img loading=\"lazy\" decoding=\"async\" class=\"alignnone size-full wp-image-130\" alt=\"IMGP4298\" src=\"http:\/\/aer.servantweb.fr\/wp-content\/uploads\/2013\/07\/IMGP4298.jpg\" width=\"459\" height=\"265\" \/><\/a><\/p>\n<p><a href=\"http:\/\/aer.servantweb.fr\/wp-content\/uploads\/2013\/07\/IMGP4291.jpg\"><img loading=\"lazy\" decoding=\"async\" class=\"alignnone size-full wp-image-125\" alt=\"IMGP4291\" src=\"http:\/\/aer.servantweb.fr\/wp-content\/uploads\/2013\/07\/IMGP4291.jpg\" width=\"1824\" height=\"1216\" srcset=\"https:\/\/aer.servantweb.fr\/wp-content\/uploads\/2013\/07\/IMGP4291.jpg 1824w, https:\/\/aer.servantweb.fr\/wp-content\/uploads\/2013\/07\/IMGP4291-300x200.jpg 300w, https:\/\/aer.servantweb.fr\/wp-content\/uploads\/2013\/07\/IMGP4291-1024x682.jpg 1024w, https:\/\/aer.servantweb.fr\/wp-content\/uploads\/2013\/07\/IMGP4291-450x300.jpg 450w\" sizes=\"auto, (max-width: 1824px) 100vw, 1824px\" \/><\/a><\/p>\n<p><a href=\"http:\/\/aer.servantweb.fr\/wp-content\/uploads\/2013\/07\/IMGP4293.jpg\"><img loading=\"lazy\" decoding=\"async\" class=\"alignnone size-full wp-image-124\" alt=\"IMGP4293\" src=\"http:\/\/aer.servantweb.fr\/wp-content\/uploads\/2013\/07\/IMGP4293.jpg\" width=\"1824\" height=\"1216\" srcset=\"https:\/\/aer.servantweb.fr\/wp-content\/uploads\/2013\/07\/IMGP4293.jpg 1824w, https:\/\/aer.servantweb.fr\/wp-content\/uploads\/2013\/07\/IMGP4293-300x200.jpg 300w, https:\/\/aer.servantweb.fr\/wp-content\/uploads\/2013\/07\/IMGP4293-1024x682.jpg 1024w, https:\/\/aer.servantweb.fr\/wp-content\/uploads\/2013\/07\/IMGP4293-450x300.jpg 450w\" sizes=\"auto, (max-width: 1824px) 100vw, 1824px\" \/><\/a><\/p>\n<p>Les croix gamm\u00e9es bleues sont les insignes Finlandais de 1939. On se rappelle que la Finlande a \u00e9t\u00e9 agress\u00e9e par l&rsquo;URSS, alli\u00e9e \u00e0 l&rsquo;Allemagne nazie en 1939. Quand la Russie s&rsquo;est trouv\u00e9e en guerre contre l&rsquo;Allemagne, elle a gard\u00e9 la Car\u00e9lie et les territoire finlandais occup\u00e9s. cette croix gamm\u00e9e finlandaise a sem\u00e9 le trouble mais il ne faut pas la prendre pour un insigne nazi ! Elle fut peinte sur les chars captur\u00e9s en d\u00e9but de conflit.<\/p>\n","protected":false},"excerpt":{"rendered":"<p>15.00\u20ac + port Char amphibie T-38 (AER) option au montage: canon ou bien mitrailleuse Les croix gamm\u00e9es bleues sont les insignes Finlandais de 1939. On se rappelle que la Finlande a \u00e9t\u00e9 agress\u00e9e par l&rsquo;URSS, alli\u00e9e \u00e0 l&rsquo;Allemagne nazie en &hellip; <a href=\"https:\/\/aer.servantweb.fr\/?page_id=54\">Continuer la lecture <span class=\"meta-nav\">&rarr;<\/span><\/a><\/p>\n","protected":false},"author":2,"featured_media":0,"parent":62,"menu_order":0,"comment_status":"open","ping_status":"open","template":"","meta":{"footnotes":""},"class_list":["post-54","page","type-page","status-publish","hentry"],"_links":{"self":[{"href":"https:\/\/aer.servantweb.fr\/index.php?rest_route=\/wp\/v2\/pages\/54","targetHints":{"allow":["GET"]}}],"collection":[{"href":"https:\/\/aer.servantweb.fr\/index.php?rest_route=\/wp\/v2\/pages"}],"about":[{"href":"https:\/\/aer.servantweb.fr\/index.php?rest_route=\/wp\/v2\/types\/page"}],"author":[{"embeddable":true,"href":"https:\/\/aer.servantweb.fr\/index.php?rest_route=\/wp\/v2\/users\/2"}],"replies":[{"embeddable":true,"href":"https:\/\/aer.servantweb.fr\/index.php?rest_route=%2Fwp%2Fv2%2Fcomments&post=54"}],"version-history":[{"count":15,"href":"https:\/\/aer.servantweb.fr\/index.php?rest_route=\/wp\/v2\/pages\/54\/revisions"}],"predecessor-version":[{"id":126,"href":"https:\/\/aer.servantweb.fr\/index.php?rest_route=\/wp\/v2\/pages\/54\/revisions\/126"}],"up":[{"embeddable":true,"href":"https:\/\/aer.servantweb.fr\/index.php?rest_route=\/wp\/v2\/pages\/62"}],"wp:attachment":[{"href":"https:\/\/aer.servantweb.fr\/index.php?rest_route=%2Fwp%2Fv2%2Fmedia&parent=54"}],"curies":[{"name":"wp","href":"https:\/\/api.w.org\/{rel}","templated":true}]}}