{"id":56,"date":"2012-12-07T14:24:43","date_gmt":"2012-12-07T13:24:43","guid":{"rendered":"http:\/\/aer.servantweb.fr\/?page_id=56"},"modified":"2013-07-18T10:00:05","modified_gmt":"2013-07-18T09:00:05","slug":"172-camion-zis-5-et-zis-5v","status":"publish","type":"page","link":"https:\/\/aer.servantweb.fr\/?page_id=56","title":{"rendered":"1\/72 camion ZIS-5 et ZIS-5v"},"content":{"rendered":"<p><a href=\"http:\/\/aer.servantweb.fr\/wp-content\/uploads\/2013\/07\/IMGP4194.jpg\"><img loading=\"lazy\" decoding=\"async\" class=\"alignleft  wp-image-145\" alt=\"IMGP4194\" src=\"http:\/\/aer.servantweb.fr\/wp-content\/uploads\/2013\/07\/IMGP4194.jpg\" width=\"380\" height=\"260\" \/><\/a><\/p>\n<p>&nbsp;<\/p>\n<p><strong><span style=\"font-size: 36px;\">12,00\u20ac <span style=\"font-size: 14px;\">+ port<\/span><\/span><\/strong><\/p>\n<p><span style=\"font-size: 10px;\">les figurines, personnages et accessoires ne font pas partie du kit. On peut utiliser des longueurs de trombone pour les arbres et essieux.<\/span><\/p>\n<p><a href=\"http:\/\/aer.servantweb.fr\/wp-content\/uploads\/2013\/07\/IMGP4195.jpg\"><img loading=\"lazy\" decoding=\"async\" class=\"alignleft  wp-image-144\" alt=\"IMGP4195\" src=\"http:\/\/aer.servantweb.fr\/wp-content\/uploads\/2013\/07\/IMGP4195.jpg\" width=\"380\" height=\"268\" \/><\/a><\/p>\n<p>&nbsp;<\/p>\n<p><span style=\"font-size: 10px;\">la photo repr\u00e9sente le <strong>ZIS-5b<\/strong> avec les garde-boues en t\u00f4le pli\u00e9e et la cabine en bois. Pour \u00eatre conforme, on s&rsquo;inspirera des photos d&rsquo;\u00e9poque et on supprimera un phare<\/span><\/p>\n<p>&nbsp;<\/p>\n<p>&nbsp;<\/p>\n<p><a href=\"http:\/\/aer.servantweb.fr\/wp-content\/uploads\/2013\/07\/IMGP4201.jpg\"><img loading=\"lazy\" decoding=\"async\" class=\"alignleft  wp-image-154\" alt=\"IMGP4201\" src=\"http:\/\/aer.servantweb.fr\/wp-content\/uploads\/2013\/07\/IMGP4201.jpg\" width=\"380\" height=\"259\" \/><\/a><\/p>\n<p>&nbsp;<\/p>\n<p><strong><span style=\"font-size: 36px;\">12,00\u20ac <span style=\"font-size: 14px;\">+ port<\/span><\/span><\/strong><\/p>\n<p><span style=\"font-size: 10px;\">les figurines, personnages et accessoires ne font pas partie du kit. On peut utiliser des longueurs de trombone pour les arbres et essieux. Pour ouvrir la porte de la cabine, on pratique avec patience et avec une lame de cutter neuve et fine.<br \/>\n<\/span><\/p>\n<p><a href=\"http:\/\/aer.servantweb.fr\/wp-content\/uploads\/2013\/07\/IMGP4202.jpg\"><img loading=\"lazy\" decoding=\"async\" class=\"alignleft  wp-image-155\" alt=\"IMGP4202\" src=\"http:\/\/aer.servantweb.fr\/wp-content\/uploads\/2013\/07\/IMGP4202.jpg\" width=\"382\" height=\"262\" \/><\/a><\/p>\n<p>&nbsp;<\/p>\n<p>&nbsp;<\/p>\n<p><span style=\"font-size: 10px;\">Photo du <strong>ZIS-5<\/strong> premi\u00e8re version avec les garde-boues en t\u00f4le emboutie et la cabine m\u00e9tal \u00e0 visi\u00e8re<\/span><\/p>\n<p>&nbsp;<\/p>\n<p>&nbsp;<\/p>\n<p><a href=\"http:\/\/aer.servantweb.fr\/wp-content\/uploads\/2013\/07\/IMGP4302.jpg\"><img loading=\"lazy\" decoding=\"async\" class=\"alignleft size-full wp-image-192\" alt=\"IMGP4302\" src=\"http:\/\/aer.servantweb.fr\/wp-content\/uploads\/2013\/07\/IMGP4302.jpg\" width=\"1824\" height=\"1216\" srcset=\"https:\/\/aer.servantweb.fr\/wp-content\/uploads\/2013\/07\/IMGP4302.jpg 1824w, https:\/\/aer.servantweb.fr\/wp-content\/uploads\/2013\/07\/IMGP4302-300x200.jpg 300w, https:\/\/aer.servantweb.fr\/wp-content\/uploads\/2013\/07\/IMGP4302-1024x682.jpg 1024w, https:\/\/aer.servantweb.fr\/wp-content\/uploads\/2013\/07\/IMGP4302-450x300.jpg 450w\" sizes=\"auto, (max-width: 1824px) 100vw, 1824px\" \/><\/a><\/p>\n<p>&nbsp;<\/p>\n<p>&nbsp;<\/p>\n<p>&nbsp;<\/p>\n<p>&nbsp;<\/p>\n<p>&nbsp;<\/p>\n<p>&nbsp;<\/p>\n<p><a href=\"http:\/\/aer.servantweb.fr\/wp-content\/uploads\/2013\/07\/ZIS5b.jpg\"><img loading=\"lazy\" decoding=\"async\" class=\"alignleft size-full wp-image-197\" alt=\"ZIS5b\" src=\"http:\/\/aer.servantweb.fr\/wp-content\/uploads\/2013\/07\/ZIS5b.jpg\" width=\"1824\" height=\"1216\" srcset=\"https:\/\/aer.servantweb.fr\/wp-content\/uploads\/2013\/07\/ZIS5b.jpg 1824w, https:\/\/aer.servantweb.fr\/wp-content\/uploads\/2013\/07\/ZIS5b-300x200.jpg 300w, https:\/\/aer.servantweb.fr\/wp-content\/uploads\/2013\/07\/ZIS5b-1024x682.jpg 1024w, https:\/\/aer.servantweb.fr\/wp-content\/uploads\/2013\/07\/ZIS5b-450x300.jpg 450w\" sizes=\"auto, (max-width: 1824px) 100vw, 1824px\" \/><\/a><\/p>\n","protected":false},"excerpt":{"rendered":"<p>&nbsp; 12,00\u20ac + port les figurines, personnages et accessoires ne font pas partie du kit. On peut utiliser des longueurs de trombone pour les arbres et essieux. &nbsp; la photo repr\u00e9sente le ZIS-5b avec les garde-boues en t\u00f4le pli\u00e9e et &hellip; <a href=\"https:\/\/aer.servantweb.fr\/?page_id=56\">Continuer la lecture <span class=\"meta-nav\">&rarr;<\/span><\/a><\/p>\n","protected":false},"author":2,"featured_media":0,"parent":70,"menu_order":0,"comment_status":"open","ping_status":"open","template":"","meta":{"footnotes":""},"class_list":["post-56","page","type-page","status-publish","hentry"],"_links":{"self":[{"href":"https:\/\/aer.servantweb.fr\/index.php?rest_route=\/wp\/v2\/pages\/56","targetHints":{"allow":["GET"]}}],"collection":[{"href":"https:\/\/aer.servantweb.fr\/index.php?rest_route=\/wp\/v2\/pages"}],"about":[{"href":"https:\/\/aer.servantweb.fr\/index.php?rest_route=\/wp\/v2\/types\/page"}],"author":[{"embeddable":true,"href":"https:\/\/aer.servantweb.fr\/index.php?rest_route=\/wp\/v2\/users\/2"}],"replies":[{"embeddable":true,"href":"https:\/\/aer.servantweb.fr\/index.php?rest_route=%2Fwp%2Fv2%2Fcomments&post=56"}],"version-history":[{"count":11,"href":"https:\/\/aer.servantweb.fr\/index.php?rest_route=\/wp\/v2\/pages\/56\/revisions"}],"predecessor-version":[{"id":151,"href":"https:\/\/aer.servantweb.fr\/index.php?rest_route=\/wp\/v2\/pages\/56\/revisions\/151"}],"up":[{"embeddable":true,"href":"https:\/\/aer.servantweb.fr\/index.php?rest_route=\/wp\/v2\/pages\/70"}],"wp:attachment":[{"href":"https:\/\/aer.servantweb.fr\/index.php?rest_route=%2Fwp%2Fv2%2Fmedia&parent=56"}],"curies":[{"name":"wp","href":"https:\/\/api.w.org\/{rel}","templated":true}]}}