{"id":62,"date":"2012-12-08T11:37:46","date_gmt":"2012-12-08T10:37:46","guid":{"rendered":"http:\/\/aer.servantweb.fr\/?page_id=62"},"modified":"2013-06-24T15:10:35","modified_gmt":"2013-06-24T14:10:35","slug":"135-maquettes-plastique-aer","status":"publish","type":"page","link":"https:\/\/aer.servantweb.fr\/?page_id=62","title":{"rendered":"1\/35 plastique AER"},"content":{"rendered":"<p><span style=\"font-family: arial,helvetica,sans-serif; font-size: 12px;\">AER est une entreprise Moldave. La Moldavie se trouve situ\u00e9e entre\u00a0Roumanie et Ukraine, sur le delta du Danube vers la Mer Noire. La soci\u00e9t\u00e9 AER a h\u00e9rit\u00e9 du savoir faire acquis par l&rsquo;URSS en mati\u00e8re de cr\u00e9ation des moules et de moulage en plastique des mod\u00e8les de v\u00e9hicules et avions. AER est sous traitant de nombreux moules des engins russes pour la plupart des marques qui se contentent de cr\u00e9er une bo\u00eete d\u00e9cor\u00e9e et le transfer qui convient pour le pays de vente. AER produit \u00e9galement ses propres box-arts.<\/span><\/p>\n<p><span style=\"font-size: 12px;\"><a href=\"http:\/\/aer.servantweb.fr\/wp-content\/uploads\/2012\/12\/SCAN10003.bmp\"><img decoding=\"async\" class=\"alignnone size-full wp-image-102\" title=\"SCAN10003\" alt=\"\" src=\"http:\/\/aer.servantweb.fr\/wp-content\/uploads\/2012\/12\/SCAN10003.bmp\" \/><\/a>L&rsquo;\u00e9chelle 1\/35 est l&rsquo;une des \u00e9chelles les plus usit\u00e9es en mod\u00e9lisme militaire. Son avantage est le r\u00e9alisme qu&rsquo;elle autorise dans le d\u00e9cor et les personnages.<\/span><\/p>\n","protected":false},"excerpt":{"rendered":"<p>AER est une entreprise Moldave. La Moldavie se trouve situ\u00e9e entre\u00a0Roumanie et Ukraine, sur le delta du Danube vers la Mer Noire. La soci\u00e9t\u00e9 AER a h\u00e9rit\u00e9 du savoir faire acquis par l&rsquo;URSS en mati\u00e8re de cr\u00e9ation des moules et &hellip; <a href=\"https:\/\/aer.servantweb.fr\/?page_id=62\">Continuer la lecture <span class=\"meta-nav\">&rarr;<\/span><\/a><\/p>\n","protected":false},"author":2,"featured_media":0,"parent":0,"menu_order":0,"comment_status":"open","ping_status":"open","template":"","meta":{"footnotes":""},"class_list":["post-62","page","type-page","status-publish","hentry"],"_links":{"self":[{"href":"https:\/\/aer.servantweb.fr\/index.php?rest_route=\/wp\/v2\/pages\/62","targetHints":{"allow":["GET"]}}],"collection":[{"href":"https:\/\/aer.servantweb.fr\/index.php?rest_route=\/wp\/v2\/pages"}],"about":[{"href":"https:\/\/aer.servantweb.fr\/index.php?rest_route=\/wp\/v2\/types\/page"}],"author":[{"embeddable":true,"href":"https:\/\/aer.servantweb.fr\/index.php?rest_route=\/wp\/v2\/users\/2"}],"replies":[{"embeddable":true,"href":"https:\/\/aer.servantweb.fr\/index.php?rest_route=%2Fwp%2Fv2%2Fcomments&post=62"}],"version-history":[{"count":8,"href":"https:\/\/aer.servantweb.fr\/index.php?rest_route=\/wp\/v2\/pages\/62\/revisions"}],"predecessor-version":[{"id":86,"href":"https:\/\/aer.servantweb.fr\/index.php?rest_route=\/wp\/v2\/pages\/62\/revisions\/86"}],"wp:attachment":[{"href":"https:\/\/aer.servantweb.fr\/index.php?rest_route=%2Fwp%2Fv2%2Fmedia&parent=62"}],"curies":[{"name":"wp","href":"https:\/\/api.w.org\/{rel}","templated":true}]}}